{"id":39,"date":"2023-05-05T13:22:35","date_gmt":"2023-05-05T13:22:35","guid":{"rendered":"https:\/\/www.cncfrezovani.cz\/?page_id=39"},"modified":"2023-05-12T12:34:39","modified_gmt":"2023-05-12T12:34:39","slug":"o-nas","status":"publish","type":"page","link":"https:\/\/www.cncfrezovani.cz\/?page_id=39","title":{"rendered":"O n\u00e1s"},"content":{"rendered":"\n<h3 class=\"wp-block-heading\">Profesion\u00e1ln\u00ed p\u0159\u00edstup<\/h3>\n\n\n\n<p><em><strong>Na\u0161\u00ed specialist\u00e9 s dlouholet\u00fdmi zku\u0161enostmi v oblasti opracov\u00e1v\u00e1n\u00ed r\u016fzn\u00fdch materi\u00e1l\u016f V\u00e1m r\u00e1di navrhnou \u0159e\u0161en\u00ed. \u017d\u00e1dn\u00e1 zak\u00e1zka pro n\u00e1s nen\u00ed mal\u00e1. Od hlin\u00edkov\u00fdch ps\u00edch zn\u00e1mek ve tvaru kosti\u010dky, po sou\u010d\u00e1stky o maxim\u00e1ln\u00edch rozm\u011brech obr\u00e1b\u011bn\u00e9ho materi\u00e1lu.\u00a0Nebojte se n\u00e1s zeptat!<\/strong><\/em><\/p>\n","protected":false},"excerpt":{"rendered":"<p>Profesion\u00e1ln\u00ed p\u0159\u00edstup Na\u0161\u00ed specialist\u00e9 s dlouholet\u00fdmi zku\u0161enostmi v oblasti opracov\u00e1v\u00e1n\u00ed r\u016fzn\u00fdch materi\u00e1l\u016f V\u00e1m r\u00e1di navrhnou \u0159e\u0161en\u00ed. \u017d\u00e1dn\u00e1 zak\u00e1zka pro n\u00e1s nen\u00ed mal\u00e1. Od hlin\u00edkov\u00fdch ps\u00edch [&hellip;]<\/p>\n","protected":false},"author":1,"featured_media":0,"parent":0,"menu_order":0,"comment_status":"closed","ping_status":"closed","template":"","meta":{"footnotes":""},"class_list":["post-39","page","type-page","status-publish","hentry"],"_links":{"self":[{"href":"https:\/\/www.cncfrezovani.cz\/index.php?rest_route=\/wp\/v2\/pages\/39","targetHints":{"allow":["GET"]}}],"collection":[{"href":"https:\/\/www.cncfrezovani.cz\/index.php?rest_route=\/wp\/v2\/pages"}],"about":[{"href":"https:\/\/www.cncfrezovani.cz\/index.php?rest_route=\/wp\/v2\/types\/page"}],"author":[{"embeddable":true,"href":"https:\/\/www.cncfrezovani.cz\/index.php?rest_route=\/wp\/v2\/users\/1"}],"replies":[{"embeddable":true,"href":"https:\/\/www.cncfrezovani.cz\/index.php?rest_route=%2Fwp%2Fv2%2Fcomments&post=39"}],"version-history":[{"count":2,"href":"https:\/\/www.cncfrezovani.cz\/index.php?rest_route=\/wp\/v2\/pages\/39\/revisions"}],"predecessor-version":[{"id":86,"href":"https:\/\/www.cncfrezovani.cz\/index.php?rest_route=\/wp\/v2\/pages\/39\/revisions\/86"}],"wp:attachment":[{"href":"https:\/\/www.cncfrezovani.cz\/index.php?rest_route=%2Fwp%2Fv2%2Fmedia&parent=39"}],"curies":[{"name":"wp","href":"https:\/\/api.w.org\/{rel}","templated":true}]}}