{"id":72,"date":"2023-05-12T12:15:44","date_gmt":"2023-05-12T12:15:44","guid":{"rendered":"https:\/\/www.cncfrezovani.cz\/?page_id=72"},"modified":"2023-08-27T13:58:02","modified_gmt":"2023-08-27T11:58:02","slug":"cnc-frezovani","status":"publish","type":"page","link":"https:\/\/www.cncfrezovani.cz\/","title":{"rendered":"CNC FR\u00c9ZOV\u00c1N\u00cd"},"content":{"rendered":"\n<p><em>V\u00fdroba p\u0159esn\u00fdch d\u00edl\u016f z r\u016fzn\u00fdch materi\u00e1l\u016f, jako nap\u0159. MDF, d\u0159evo, plasty, PMMA &#8211; plexisklo, hlin\u00edk, barevn\u00e9 kovy, p\u0159ekli\u017eka nebo d\u0159evot\u0159\u00edska modern\u00edmi technologiemi<\/em>. <\/p>\n\n\n\n<p><em>Na\u0161\u00ed specialist\u00e9 s dlouholet\u00fdmi zku\u0161enostmi v oblasti opracov\u00e1v\u00e1n\u00ed r\u016fzn\u00fdch materi\u00e1l\u016f V\u00e1m r\u00e1di navrhnou \u0159e\u0161en\u00ed. \u017d\u00e1dn\u00e1 zak\u00e1zka pro n\u00e1s nen\u00ed mal\u00e1. Od hlin\u00edkov\u00fdch ps\u00edch zn\u00e1mek ve tvaru kosti\u010dky, po sou\u010d\u00e1stky o maxim\u00e1ln\u00edch rozm\u011brech obr\u00e1b\u011bn\u00e9ho materi\u00e1lu.&nbsp;Nebojte se n\u00e1s zeptat!<\/em><\/p>\n\n\n\n<h2 class=\"wp-block-heading\">KONTAKTY<\/h2>\n\n\n\n<ul class=\"wp-block-list\">\n<li style=\"font-style:normal;font-weight:500\"><strong>obchod <\/strong>603 466 135<\/li>\n\n\n\n<li><strong>technolog <\/strong>725 938 844<\/li>\n\n\n\n<li><strong>kancel\u00e1\u0159 <\/strong>325 514 319<\/li>\n\n\n\n<li><strong>adresa <\/strong>&#8211; v\u00fdroba: Dl\u00e1\u017ed\u011bn\u00e1 25, Tma\u0148, 26721<\/li>\n\n\n\n<li><strong>adresa <\/strong>&#8211; kancel\u00e1\u0159: Plze\u0148sk\u00e1 957\/50, Beroun, 26601<\/li>\n\n\n\n<li><strong>email<\/strong>: info@cncfrezovani.cz, obchod@cncfrezovani.cz<\/li>\n<\/ul>\n\n\n\n<h2 class=\"wp-block-heading\">CNC LASER<\/h2>\n\n\n\n<figure class=\"wp-block-image size-large\"><img loading=\"lazy\" decoding=\"async\" width=\"1024\" height=\"694\" src=\"https:\/\/www.cncfrezovani.cz\/wp-content\/uploads\/2023\/05\/boda-1-1-1024x694.webp\" alt=\"\" class=\"wp-image-73\" srcset=\"https:\/\/www.cncfrezovani.cz\/wp-content\/uploads\/2023\/05\/boda-1-1-1024x694.webp 1024w, https:\/\/www.cncfrezovani.cz\/wp-content\/uploads\/2023\/05\/boda-1-1-300x203.webp 300w, https:\/\/www.cncfrezovani.cz\/wp-content\/uploads\/2023\/05\/boda-1-1-768x520.webp 768w, https:\/\/www.cncfrezovani.cz\/wp-content\/uploads\/2023\/05\/boda-1-1-1536x1041.webp 1536w, https:\/\/www.cncfrezovani.cz\/wp-content\/uploads\/2023\/05\/boda-1-1-2048x1388.webp 2048w, https:\/\/www.cncfrezovani.cz\/wp-content\/uploads\/2023\/05\/boda-1-1-1568x1063.webp 1568w\" sizes=\"auto, (max-width: 1024px) 100vw, 1024px\" \/><\/figure>\n\n\n\n<div class=\"wp-block-group\"><div class=\"wp-block-group__inner-container is-layout-constrained wp-block-group-is-layout-constrained\">\n<p><em>CNC laser&nbsp;je po\u010d\u00edta\u010dem \u0159\u00edzen\u00fd stroj, kter\u00fd \u0159e\u017ee a grav\u00edruje pomoc\u00ed v\u00fdkonn\u00e9ho laserov\u00e9ho paprsku. CNC laser se pou\u017e\u00edv\u00e1 k v\u00fdrob\u011b d\u00edl\u016f nebo v\u00fdrobk\u016f, a opracov\u00e1v\u00e1n\u00ed r\u016fzn\u00fdch materi\u00e1l\u016f, jako jsou plasty, d\u0159evo, \u010di d\u0159ev\u011bn\u00e9 polotovary a sklo . Tato technologie je vhodn\u00e1 pro v\u00fdrobu nestandardn\u00edch d\u00edl\u016f a v\u00fdrobk\u016f. Po\u010d\u00edta\u010dem \u0159\u00edzen\u00e9 stroje v\u0161eobecn\u011b pracuj\u00ed na z\u00e1klad\u011b model\u016f vytvo\u0159en\u00fdch v programech s v\u00fdstupem ve vektorov\u00fdch souborech. Pro import do specializovan\u00fdch program\u016f pro obr\u00e1b\u011bn\u00ed lze pou\u017e\u00edt vektorov\u00e9 soubory s p\u0159\u00edponami *.dxf, *.dwg, *.cdr nebo *.stl. Pro grav\u00edrov\u00e1n\u00ed CNC laserem lze pou\u017e\u00edt tak\u00e9 soubory *.jpg, p\u0159\u00edp. *.png. U t\u011bchto soubor\u016f se v\u0161ak prodlu\u017euje doba v\u00fdroby.<\/em><\/p>\n\n\n\n<p><strong>Maxim\u00e1ln\u00ed rozm\u011bry obrobku, kter\u00e9 n\u00e1m technologie dovol\u00ed opracov\u00e1vat je:osa X &#8211; 1300mm; osa Y &#8211; 900 mm; osa Z &#8211; 250 mm<\/strong><\/p>\n<\/div><\/div>\n\n\n\n<figure class=\"wp-block-image size-full\"><img loading=\"lazy\" decoding=\"async\" width=\"1024\" height=\"1024\" src=\"https:\/\/www.cncfrezovani.cz\/wp-content\/uploads\/2023\/05\/boda1-1-1.webp\" alt=\"\" class=\"wp-image-74\" srcset=\"https:\/\/www.cncfrezovani.cz\/wp-content\/uploads\/2023\/05\/boda1-1-1.webp 1024w, https:\/\/www.cncfrezovani.cz\/wp-content\/uploads\/2023\/05\/boda1-1-1-300x300.webp 300w, https:\/\/www.cncfrezovani.cz\/wp-content\/uploads\/2023\/05\/boda1-1-1-150x150.webp 150w, https:\/\/www.cncfrezovani.cz\/wp-content\/uploads\/2023\/05\/boda1-1-1-768x768.webp 768w\" sizes=\"auto, (max-width: 1024px) 100vw, 1024px\" \/><\/figure>\n\n\n\n<h2 class=\"wp-block-heading\">CNC FR\u00c9ZOV\u00c1N\u00cd<\/h2>\n\n\n\n<figure class=\"wp-block-image size-full\"><img loading=\"lazy\" decoding=\"async\" width=\"733\" height=\"290\" src=\"https:\/\/www.cncfrezovani.cz\/wp-content\/uploads\/2023\/05\/hlavni-4.webp\" alt=\"\" class=\"wp-image-75\" srcset=\"https:\/\/www.cncfrezovani.cz\/wp-content\/uploads\/2023\/05\/hlavni-4.webp 733w, https:\/\/www.cncfrezovani.cz\/wp-content\/uploads\/2023\/05\/hlavni-4-300x119.webp 300w\" sizes=\"auto, (max-width: 733px) 100vw, 733px\" \/><\/figure>\n\n\n\n<p><em>CNC fr\u00e9zov\u00e1n\u00ed je proces, p\u0159i n\u011bm\u017e se vyu\u017e\u00edv\u00e1 po\u010d\u00edta\u010dem \u0159\u00edzen\u00fd stroj s r\u016fzn\u00fdmi \u0159ezac\u00edmi, grav\u00edrovac\u00edmi a jin\u00fdmi n\u00e1stroji k postupn\u00e9mu odstra\u0148ov\u00e1n\u00ed materi\u00e1lu z polotovaru. CNC fr\u00e9zov\u00e1n\u00ed se pou\u017e\u00edv\u00e1 k v\u00fdrob\u011b d\u00edl\u016f nebo v\u00fdrobk\u016f, a opracov\u00e1v\u00e1n\u00ed r\u016fzn\u00fdch materi\u00e1l\u016f, jako jsou m\u011bkk\u00e9 kovy, plasty a d\u0159evo, \u010di d\u0159ev\u011bn\u00e9 polotovary. Tato technologie je vhodn\u00e1 pro v\u00fdrobu nestandardn\u00edch d\u00edl\u016f a v\u00fdrobk\u016f.<\/em><\/p>\n\n\n\n<p><em>CNC fr\u00e9zov\u00e1n\u00ed je mechanick\u00fd proces zahrnuj\u00edc\u00ed vrt\u00e1n\u00ed, soustru\u017een\u00ed a r\u016fzn\u00e9 typy proces\u016f mechanick\u00e9ho opracov\u00e1v\u00e1n\u00ed v z\u00e1vislosti na pou\u017eit\u00e9m n\u00e1stroji.<\/em><\/p>\n\n\n\n<p><em>Po\u010d\u00edta\u010dem \u0159\u00edzen\u00e9 stroje v\u0161eobecn\u011b pracuj\u00ed na z\u00e1klad\u011b model\u016f vytvo\u0159en\u00fdch v programech s v\u00fdstupem ve vektorov\u00fdch souborech. Pro import do specializovan\u00fdch program\u016f pro obr\u00e1b\u011bn\u00ed lze pou\u017e\u00edt vektorov\u00e9 soubory s p\u0159\u00edponami *.dxf, *.dwg, *.cdr nebo *.stl.<\/em><\/p>\n\n\n\n<p><strong>Maxim\u00e1ln\u00ed rozm\u011bry obrobku, kter\u00e9 n\u00e1m technologie dovol\u00ed opracov\u00e1vat je: osa X &#8211; 950 mm; osa Y &#8211; 1100 mm; osa Z &#8211; 250 mm<\/strong><\/p>\n\n\n\n<figure class=\"wp-block-image size-full\"><img loading=\"lazy\" decoding=\"async\" width=\"874\" height=\"535\" src=\"https:\/\/www.cncfrezovani.cz\/wp-content\/uploads\/2023\/05\/frezadrevo-1-2.webp\" alt=\"\" class=\"wp-image-76\" srcset=\"https:\/\/www.cncfrezovani.cz\/wp-content\/uploads\/2023\/05\/frezadrevo-1-2.webp 874w, https:\/\/www.cncfrezovani.cz\/wp-content\/uploads\/2023\/05\/frezadrevo-1-2-300x184.webp 300w, https:\/\/www.cncfrezovani.cz\/wp-content\/uploads\/2023\/05\/frezadrevo-1-2-768x470.webp 768w\" sizes=\"auto, (max-width: 874px) 100vw, 874px\" \/><\/figure>\n\n\n\n<h2 class=\"wp-block-heading\">GALERIE<\/h2>\n\n\n\n<figure class=\"wp-block-image size-full\"><img loading=\"lazy\" decoding=\"async\" width=\"738\" height=\"985\" src=\"https:\/\/www.cncfrezovani.cz\/wp-content\/uploads\/2023\/05\/strom-upraveno-2.webp\" alt=\"\" class=\"wp-image-77\" srcset=\"https:\/\/www.cncfrezovani.cz\/wp-content\/uploads\/2023\/05\/strom-upraveno-2.webp 738w, https:\/\/www.cncfrezovani.cz\/wp-content\/uploads\/2023\/05\/strom-upraveno-2-225x300.webp 225w\" sizes=\"auto, (max-width: 738px) 100vw, 738px\" \/><\/figure>\n\n\n\n<figure class=\"wp-block-image size-full\"><img loading=\"lazy\" decoding=\"async\" width=\"738\" height=\"553\" src=\"https:\/\/www.cncfrezovani.cz\/wp-content\/uploads\/2023\/05\/img_20170420_221721-2.webp\" alt=\"\" class=\"wp-image-78\" srcset=\"https:\/\/www.cncfrezovani.cz\/wp-content\/uploads\/2023\/05\/img_20170420_221721-2.webp 738w, https:\/\/www.cncfrezovani.cz\/wp-content\/uploads\/2023\/05\/img_20170420_221721-2-300x225.webp 300w\" sizes=\"auto, (max-width: 738px) 100vw, 738px\" \/><\/figure>\n\n\n\n<figure class=\"wp-block-image size-full\"><img loading=\"lazy\" decoding=\"async\" width=\"738\" height=\"984\" src=\"https:\/\/www.cncfrezovani.cz\/wp-content\/uploads\/2023\/05\/img_20160330_104012-2.webp\" alt=\"\" class=\"wp-image-79\" srcset=\"https:\/\/www.cncfrezovani.cz\/wp-content\/uploads\/2023\/05\/img_20160330_104012-2.webp 738w, https:\/\/www.cncfrezovani.cz\/wp-content\/uploads\/2023\/05\/img_20160330_104012-2-225x300.webp 225w\" sizes=\"auto, (max-width: 738px) 100vw, 738px\" \/><\/figure>\n\n\n\n<figure class=\"wp-block-image size-full\"><img loading=\"lazy\" decoding=\"async\" width=\"738\" height=\"984\" src=\"https:\/\/www.cncfrezovani.cz\/wp-content\/uploads\/2023\/05\/img_20170510_174444-1.webp\" alt=\"\" class=\"wp-image-80\" srcset=\"https:\/\/www.cncfrezovani.cz\/wp-content\/uploads\/2023\/05\/img_20170510_174444-1.webp 738w, https:\/\/www.cncfrezovani.cz\/wp-content\/uploads\/2023\/05\/img_20170510_174444-1-225x300.webp 225w\" sizes=\"auto, (max-width: 738px) 100vw, 738px\" \/><\/figure>\n\n\n\n<figure class=\"wp-block-image size-full\"><img loading=\"lazy\" decoding=\"async\" width=\"738\" height=\"984\" src=\"https:\/\/www.cncfrezovani.cz\/wp-content\/uploads\/2023\/05\/img_20160422_224603-2.webp\" alt=\"\" class=\"wp-image-126\" srcset=\"https:\/\/www.cncfrezovani.cz\/wp-content\/uploads\/2023\/05\/img_20160422_224603-2.webp 738w, https:\/\/www.cncfrezovani.cz\/wp-content\/uploads\/2023\/05\/img_20160422_224603-2-225x300.webp 225w\" sizes=\"auto, (max-width: 738px) 100vw, 738px\" \/><\/figure>\n\n\n\n<figure class=\"wp-block-image size-full\"><img loading=\"lazy\" decoding=\"async\" width=\"738\" height=\"553\" src=\"https:\/\/www.cncfrezovani.cz\/wp-content\/uploads\/2023\/05\/img_20160118_101430-4.webp\" alt=\"\" class=\"wp-image-128\" srcset=\"https:\/\/www.cncfrezovani.cz\/wp-content\/uploads\/2023\/05\/img_20160118_101430-4.webp 738w, https:\/\/www.cncfrezovani.cz\/wp-content\/uploads\/2023\/05\/img_20160118_101430-4-300x225.webp 300w\" sizes=\"auto, (max-width: 738px) 100vw, 738px\" \/><\/figure>\n\n\n\n<figure class=\"wp-block-image size-full\"><img loading=\"lazy\" decoding=\"async\" width=\"200\" height=\"200\" src=\"https:\/\/www.cncfrezovani.cz\/wp-content\/uploads\/2023\/05\/chladicnamotorku-2.webp\" alt=\"\" class=\"wp-image-129\" srcset=\"https:\/\/www.cncfrezovani.cz\/wp-content\/uploads\/2023\/05\/chladicnamotorku-2.webp 200w, https:\/\/www.cncfrezovani.cz\/wp-content\/uploads\/2023\/05\/chladicnamotorku-2-150x150.webp 150w\" sizes=\"auto, (max-width: 200px) 100vw, 200px\" \/><\/figure>\n\n\n\n<figure class=\"wp-block-image size-full\"><img loading=\"lazy\" decoding=\"async\" width=\"200\" height=\"200\" src=\"https:\/\/www.cncfrezovani.cz\/wp-content\/uploads\/2023\/05\/hlinikovedesky-1-2.webp\" alt=\"\" class=\"wp-image-130\" srcset=\"https:\/\/www.cncfrezovani.cz\/wp-content\/uploads\/2023\/05\/hlinikovedesky-1-2.webp 200w, https:\/\/www.cncfrezovani.cz\/wp-content\/uploads\/2023\/05\/hlinikovedesky-1-2-150x150.webp 150w\" sizes=\"auto, (max-width: 200px) 100vw, 200px\" \/><\/figure>\n\n\n\n<figure class=\"wp-block-image size-full\"><img loading=\"lazy\" decoding=\"async\" width=\"738\" height=\"984\" src=\"https:\/\/www.cncfrezovani.cz\/wp-content\/uploads\/2023\/05\/img_20150717_194617-2.webp\" alt=\"\" class=\"wp-image-131\" srcset=\"https:\/\/www.cncfrezovani.cz\/wp-content\/uploads\/2023\/05\/img_20150717_194617-2.webp 738w, https:\/\/www.cncfrezovani.cz\/wp-content\/uploads\/2023\/05\/img_20150717_194617-2-225x300.webp 225w\" sizes=\"auto, (max-width: 738px) 100vw, 738px\" \/><\/figure>\n","protected":false},"excerpt":{"rendered":"<p>V\u00fdroba p\u0159esn\u00fdch d\u00edl\u016f z r\u016fzn\u00fdch materi\u00e1l\u016f, jako nap\u0159. MDF, d\u0159evo, plasty, PMMA &#8211; plexisklo, hlin\u00edk, barevn\u00e9 kovy, p\u0159ekli\u017eka nebo d\u0159evot\u0159\u00edska modern\u00edmi technologiemi. Na\u0161\u00ed specialist\u00e9 s [&hellip;]<\/p>\n","protected":false},"author":1,"featured_media":0,"parent":0,"menu_order":0,"comment_status":"closed","ping_status":"closed","template":"","meta":{"footnotes":""},"class_list":["post-72","page","type-page","status-publish","hentry"],"_links":{"self":[{"href":"https:\/\/www.cncfrezovani.cz\/index.php?rest_route=\/wp\/v2\/pages\/72","targetHints":{"allow":["GET"]}}],"collection":[{"href":"https:\/\/www.cncfrezovani.cz\/index.php?rest_route=\/wp\/v2\/pages"}],"about":[{"href":"https:\/\/www.cncfrezovani.cz\/index.php?rest_route=\/wp\/v2\/types\/page"}],"author":[{"embeddable":true,"href":"https:\/\/www.cncfrezovani.cz\/index.php?rest_route=\/wp\/v2\/users\/1"}],"replies":[{"embeddable":true,"href":"https:\/\/www.cncfrezovani.cz\/index.php?rest_route=%2Fwp%2Fv2%2Fcomments&post=72"}],"version-history":[{"count":6,"href":"https:\/\/www.cncfrezovani.cz\/index.php?rest_route=\/wp\/v2\/pages\/72\/revisions"}],"predecessor-version":[{"id":242,"href":"https:\/\/www.cncfrezovani.cz\/index.php?rest_route=\/wp\/v2\/pages\/72\/revisions\/242"}],"wp:attachment":[{"href":"https:\/\/www.cncfrezovani.cz\/index.php?rest_route=%2Fwp%2Fv2%2Fmedia&parent=72"}],"curies":[{"name":"wp","href":"https:\/\/api.w.org\/{rel}","templated":true}]}}